{"id":11134,"date":"2021-06-01T15:44:08","date_gmt":"2021-06-01T15:44:08","guid":{"rendered":"https:\/\/samaniego.vitemarketing.com\/?page_id=11134"},"modified":"2021-06-03T16:00:22","modified_gmt":"2021-06-03T16:00:22","slug":"servicios","status":"publish","type":"page","link":"https:\/\/ayuntamientosamaniego.com\/eu\/servicios\/","title":{"rendered":"Servicios"},"content":{"rendered":"<p>[vc_row row_content_width=&#8221;grid&#8221; css=&#8221;.vc_custom_1622562475202{padding-top: 80px !important;padding-bottom: 15px !important;}&#8221;][vc_column]<div class=\"eltdf-elements-holder eltdf-responsive-mode-768\" ><div class=\"eltdf-eh-item eltdf-horizontal-alignment-center\" data-item-class=\"eltdf-eh-custom-592003\" data-1280-1600=\"0 10% 0 10%\" data-1024-1280=\"0 10% 0 10%\" data-768-1024=\"0 15% 0 15%\" data-600-768=\"0 7% 0 7%\" data-480=\"0 5% 0 5%\" >\n\t<div class=\"eltdf-eh-item-inner\" >\n\t\t<div class=\"eltdf-eh-item-content eltdf-eh-custom-592003\" style=\"padding: 0 10% 0 10%\">\n\t\t\t<div class=\"eltdf-section-title-holder\" style=\"text-align: center\">\n\t\t\t\t<h4 class=\"eltdf-st-subtitle\" ><span class=\"ez-toc-section\" id=\"En_esta_seccion_te_vamos_a_informar_de_los_servicios_con_los_que_cuenta_el_municipio_de_Samaniego\"><\/span>\n\t\t<span>En esta secci\u00f3n te vamos a informar de los servicios con los que cuenta el municipio de Samaniego.<\/span>\n\t\t<span class=\"ez-toc-section-end\"><\/span><\/h4>\n\t\t<\/div>[vc_empty_space height=&#8221;30px&#8221;]\t\t<\/div>\n\t<\/div>\n\t<\/div><\/div>[\/vc_column][\/vc_row][vc_row row_content_width=&#8221;grid&#8221; content_text_aligment=&#8221;center&#8221; css=&#8221;.vc_custom_1622735434272{padding-top: 20px !important;padding-bottom: 120px !important;}&#8221;][vc_column]<div class=\"eltdf-accordion-holder clearfix eltdf-ac-default eltdf-accordion eltdf-ac-simple\">\n\t<span class=\"eltdf-title-holder\">\n    <span class=\"eltdf-accordion-mark\">\n\t\t<span class=\"eltdf_icon_plus ion-ios-plus-empty\"><\/span>\n\t\t<span class=\"eltdf_icon_minus ion-ios-minus-empty\"><\/span>\n\t<\/span>\n\t<h5 class=\"eltdf-tab-title\"><span class=\"ez-toc-section\" id=\"ALOJAMIENTOS\"><\/span>ALOJAMIENTOS<span class=\"ez-toc-section-end\"><\/span><\/h5>\n<\/span>\n<div class=\"eltdf-accordion-content\">\n\t<div class=\"eltdf-accordion-content-inner\">\n\t\t[vc_row_inner css=&#8221;.vc_custom_1622563729762{padding-top: 20px !important;padding-right: 40px !important;padding-bottom: 20px !important;padding-left: 40px !important;}&#8221;][vc_column_inner width=&#8221;5\/6&#8243;][vc_empty_space height=&#8221;7px&#8221;]<div class=\"eltdf-section-title-holder\" style=\"text-align: left\">\n\t\t\t<h3 class=\"eltdf-st-title\" ><span class=\"ez-toc-section\" id=\"Hotel-Restaurante_Palacio_de_Samaniego\"><\/span>\n\t\t\t<span>Hotel-Restaurante Palacio de Samaniego<\/span>\n\t\t<span class=\"ez-toc-section-end\"><\/span><\/h3>\n                    <div class=\"eltdf-st-separator clearfix\">\n                <div class=\"eltdf-separator\" ><\/div>\n            <\/div>\n        \t\t\t<\/div>[vc_empty_space height=&#8221;7px&#8221;][vc_column_text]<\/p>\n<p style=\"text-align: left;\">Inaugurado en mayo de 1997, el Palacio de Samaniego, popularmente conocido como La Casa del Cura\u00a0\u00a0es un palacete que data del siglo XVIII de aspecto se\u00f1orial, con fachada de siller\u00eda de piedra, exhibiendo el escudo de armas de sus fundadores. Decorada al detalle en su interior, se complementa con la cocina moderna de la mano de Jon Ugalde.<\/p>\n<p style=\"text-align: left;\"><a class=\"enlace_contenido\" title=\"Palacio Samaniego\" href=\"http:\/\/www.palaciosamaniego.com\/\" target=\"_blank\" rel=\"noopener\">Ir a la web<\/a><\/p>\n<p>[\/vc_column_text][vc_empty_space height=&#8221;7px&#8221;][\/vc_column_inner][vc_column_inner width=&#8221;1\/6&#8243;][vc_single_image image=&#8221;11010&#8243; img_size=&#8221;full&#8221;][\/vc_column_inner][\/vc_row_inner][vc_separator][vc_row_inner css=&#8221;.vc_custom_1622563733777{padding-top: 20px !important;padding-right: 40px !important;padding-bottom: 20px !important;padding-left: 40px !important;}&#8221;][vc_column_inner width=&#8221;5\/6&#8243;][vc_empty_space height=&#8221;7px&#8221;]<div class=\"eltdf-section-title-holder\" style=\"text-align: left\">\n\t\t\t<h3 class=\"eltdf-st-title\" ><span class=\"ez-toc-section\" id=\"Casa_rural_La_molinera_etxea\"><\/span>\n\t\t\t<span>Casa rural La molinera etxea<\/span>\n\t\t<span class=\"ez-toc-section-end\"><\/span><\/h3>\n                    <div class=\"eltdf-st-separator clearfix\">\n                <div class=\"eltdf-separator\" ><\/div>\n            <\/div>\n        \t\t\t<\/div>[vc_empty_space height=&#8221;7px&#8221;][vc_column_text]<\/p>\n<p style=\"text-align: left;\">La Molinera Etxea es una casa del Renacimiento que data del siglo XVII, La fachada es de piedra de siller\u00eda en la que destaca su espectacular alero labrado. La casa ha sido totalmente rehabilitada en el a\u00f1o 2.006. Caracteriza la casa como su nombre indica, un molino el\u00e9ctrico de los a\u00f1os 60 ubicado en la planta baja que hace las funciones de sala de estar.<\/p>\n<p style=\"text-align: left;\"><a class=\"enlace_contenido\" title=\"Casa rural La molina Etxea\" href=\"http:\/\/www.lamolineraetxea.com\/\" target=\"_blank\" rel=\"noopener\">Ir a la web<\/a><\/p>\n<p>[\/vc_column_text][vc_empty_space height=&#8221;7px&#8221;][\/vc_column_inner][vc_column_inner width=&#8221;1\/6&#8243;][vc_single_image image=&#8221;11011&#8243; img_size=&#8221;full&#8221;][\/vc_column_inner][\/vc_row_inner][vc_separator][vc_row_inner css=&#8221;.vc_custom_1622563733777{padding-top: 20px !important;padding-right: 40px !important;padding-bottom: 20px !important;padding-left: 40px !important;}&#8221;][vc_column_inner width=&#8221;5\/6&#8243;][vc_empty_space height=&#8221;7px&#8221;]<div class=\"eltdf-section-title-holder\" style=\"text-align: left\">\n\t\t\t<h3 class=\"eltdf-st-title\" ><span class=\"ez-toc-section\" id=\"Albergue_La_casa_del_vendimiador\"><\/span>\n\t\t\t<span>Albergue La casa del vendimiador<\/span>\n\t\t<span class=\"ez-toc-section-end\"><\/span><\/h3>\n                    <div class=\"eltdf-st-separator clearfix\">\n                <div class=\"eltdf-separator\" ><\/div>\n            <\/div>\n        \t\t\t<\/div>[vc_empty_space height=&#8221;7px&#8221;][vc_column_text]<\/p>\n<p style=\"text-align: left;\">Situado en el barrio de Matarredo este albergue consta de 28 plazas, el alquiler es de casa completa con grupos m\u00ednimos de 12 personas.<\/p>\n<p style=\"text-align: left;\">Tlf: \u00a034 945609133\u00a0 \u00a0 656708858, e-mail: <a href=\"mailto:ostatu@ostatu.com\">ostatu@ostatu.com<\/a><\/p>\n<p>[\/vc_column_text][vc_empty_space height=&#8221;7px&#8221;][\/vc_column_inner][vc_column_inner width=&#8221;1\/6&#8243;][vc_single_image image=&#8221;11012&#8243; img_size=&#8221;full&#8221;][\/vc_column_inner][\/vc_row_inner][vc_separator][vc_row_inner css=&#8221;.vc_custom_1622563733777{padding-top: 20px !important;padding-right: 40px !important;padding-bottom: 20px !important;padding-left: 40px !important;}&#8221;][vc_column_inner width=&#8221;5\/6&#8243;][vc_empty_space height=&#8221;7px&#8221;]<div class=\"eltdf-section-title-holder\" style=\"text-align: left\">\n\t\t\t<h3 class=\"eltdf-st-title\" ><span class=\"ez-toc-section\" id=\"Albergue_municipal_El_Cristo\"><\/span>\n\t\t\t<span>Albergue municipal El Cristo<\/span>\n\t\t<span class=\"ez-toc-section-end\"><\/span><\/h3>\n                    <div class=\"eltdf-st-separator clearfix\">\n                <div class=\"eltdf-separator\" ><\/div>\n            <\/div>\n        \t\t\t<\/div>[vc_empty_space height=&#8221;7px&#8221;][vc_column_text]<\/p>\n<p style=\"text-align: left;\">Albergue municipal situado en la ermita del mismo nombre. Tiene una capacidad para 12 personas y dispone de los sigueintes servicios:<\/p>\n<ul style=\"text-align: left;\">\n<li>Dormitorio comunitario<\/li>\n<li>Txoko- comedor con chimenea<\/li>\n<li>Barbacoa en el exterior<\/li>\n<li>( no dispone de cocina ni ba\u00f1os )<\/li>\n<\/ul>\n<p style=\"text-align: left;\">Solicitud:\u00a0<a href=\"http:\/\/ayuntamientosamaniego.com\/blog\/?p=88\" target=\"_blank\" rel=\"noopener\">Link<\/a><\/p>\n<p>[\/vc_column_text][vc_empty_space height=&#8221;7px&#8221;][\/vc_column_inner][vc_column_inner width=&#8221;1\/6&#8243;][vc_single_image image=&#8221;11013&#8243; img_size=&#8221;full&#8221;][\/vc_column_inner][\/vc_row_inner]\t<\/div>\n<\/div><span class=\"eltdf-title-holder\">\n    <span class=\"eltdf-accordion-mark\">\n\t\t<span class=\"eltdf_icon_plus ion-ios-plus-empty\"><\/span>\n\t\t<span class=\"eltdf_icon_minus ion-ios-minus-empty\"><\/span>\n\t<\/span>\n\t<h5 class=\"eltdf-tab-title\"><span class=\"ez-toc-section\" id=\"EMPRESAS_Y_ESTABLECIMIENTOS\"><\/span>EMPRESAS Y ESTABLECIMIENTOS<span class=\"ez-toc-section-end\"><\/span><\/h5>\n<\/span>\n<div class=\"eltdf-accordion-content\">\n\t<div class=\"eltdf-accordion-content-inner\">\n\t\t[vc_empty_space height=&#8221;7px&#8221;][vc_row_inner][vc_column_inner width=&#8221;1\/3&#8243;][\/vc_column_inner][vc_column_inner width=&#8221;1\/3&#8243;][vc_column_text]<\/p>\n<div id=\"Content\">\n<div class=\"boxed\">\n<div id=\"lipsum\">\n<ul class=\"listado_largo\">\n<li style=\"text-align: left;\">Alimentaci\u00f3n Eva<\/li>\n<li style=\"text-align: left;\"><a href=\"http:\/\/www.mikeltorkaokindegia.com\/\">Panader\u00eda Mikel Torka Okindegia<\/a><\/li>\n<li style=\"text-align: left;\">Bar Las escuelas<\/li>\n<li style=\"text-align: left;\"><a href=\"https:\/\/www.facebook.com\/Bar-Seis-Kopas-233778620294957\/\" target=\"_blank\" rel=\"noopener\">Bar 6 kopas<\/a><\/li>\n<li style=\"text-align: left;\"><a href=\"https:\/\/www.facebook.com\/pg\/CARPINTER%C3%8DA-MET%C3%81LICA-RA%C3%9AL-BARRIO-245212312318760\/about\/?ref=page_internal\" target=\"_blank\" rel=\"noopener\">Trabajos en Forja Ra\u00fal Barrio<\/a><\/li>\n<\/ul>\n<\/div>\n<\/div>\n<\/div>\n<p>[\/vc_column_text][\/vc_column_inner][vc_column_inner width=&#8221;1\/3&#8243;][\/vc_column_inner][\/vc_row_inner]\t<\/div>\n<\/div><span class=\"eltdf-title-holder\">\n    <span class=\"eltdf-accordion-mark\">\n\t\t<span class=\"eltdf_icon_plus ion-ios-plus-empty\"><\/span>\n\t\t<span class=\"eltdf_icon_minus ion-ios-minus-empty\"><\/span>\n\t<\/span>\n\t<h5 class=\"eltdf-tab-title\"><span class=\"ez-toc-section\" id=\"ASOCIACIONES\"><\/span>ASOCIACIONES<span class=\"ez-toc-section-end\"><\/span><\/h5>\n<\/span>\n<div class=\"eltdf-accordion-content\">\n\t<div class=\"eltdf-accordion-content-inner\">\n\t\t[vc_empty_space height=&#8221;7px&#8221;][vc_row_inner][vc_column_inner width=&#8221;1\/3&#8243;][\/vc_column_inner][vc_column_inner width=&#8221;1\/3&#8243;][vc_column_text]<\/p>\n<div id=\"Content\">\n<div class=\"boxed\">\n<div id=\"lipsum\">\n<ul>\n<li style=\"text-align: left;\">S.Cultural Murriarte<a title=\"Asociaci\u00f3n cultural Murriarte\" href=\"http:\/\/www.murriarte.com\/\" target=\"_blank\" rel=\"noopener\">\u00a0&#8211; Ir a la web<\/a><\/li>\n<li style=\"text-align: left;\">S Cazadores \u0093El camino\u0094<\/li>\n<\/ul>\n<\/div>\n<\/div>\n<\/div>\n<p>[\/vc_column_text][\/vc_column_inner][vc_column_inner width=&#8221;1\/3&#8243;][\/vc_column_inner][\/vc_row_inner]\t<\/div>\n<\/div><span class=\"eltdf-title-holder\">\n    <span class=\"eltdf-accordion-mark\">\n\t\t<span class=\"eltdf_icon_plus ion-ios-plus-empty\"><\/span>\n\t\t<span class=\"eltdf_icon_minus ion-ios-minus-empty\"><\/span>\n\t<\/span>\n\t<h5 class=\"eltdf-tab-title\"><span class=\"ez-toc-section\" id=\"SERVICIOS_Y_EQUIPAMIENTOS\"><\/span>SERVICIOS Y EQUIPAMIENTOS<span class=\"ez-toc-section-end\"><\/span><\/h5>\n<\/span>\n<div class=\"eltdf-accordion-content\">\n\t<div class=\"eltdf-accordion-content-inner\">\n\t\t[vc_row_inner css=&#8221;.vc_custom_1622735105359{padding-bottom: 20px !important;}&#8221;][vc_column_inner width=&#8221;1\/4&#8243;][\/vc_column_inner][vc_column_inner width=&#8221;3\/4&#8243;][vc_empty_space height=&#8221;7px&#8221;]<div class=\"eltdf-section-title-holder\" style=\"text-align: left\">\n\t\t\t<h4 class=\"eltdf-st-title\" ><span class=\"ez-toc-section\" id=\"Instalaciones_Deportivas\"><\/span>\n\t\t\t<span>Instalaciones Deportivas<\/span>\n\t\t<span class=\"ez-toc-section-end\"><\/span><\/h4>\n                    <div class=\"eltdf-st-separator clearfix\">\n                <div class=\"eltdf-separator\" ><\/div>\n            <\/div>\n        \t\t\t<\/div>[vc_empty_space height=&#8221;7px&#8221;][vc_column_text]<\/p>\n<p style=\"text-align: left;\">Samaniego cuenta con unas magn\u00edficas instalaciones deportivas: Front\u00f3n, pista de tenis y Campo de F\u00fatbol.<\/p>\n<p>[\/vc_column_text][vc_empty_space height=&#8221;7px&#8221;][vc_separator][\/vc_column_inner][\/vc_row_inner][vc_row_inner css=&#8221;.vc_custom_1622735110637{padding-bottom: 20px !important;}&#8221;][vc_column_inner width=&#8221;1\/4&#8243;][\/vc_column_inner][vc_column_inner width=&#8221;3\/4&#8243;][vc_empty_space height=&#8221;7px&#8221;]<div class=\"eltdf-section-title-holder\" style=\"text-align: left\">\n\t\t\t<h4 class=\"eltdf-st-title\" ><span class=\"ez-toc-section\" id=\"Haurreskola\"><\/span>\n\t\t\t<span>Haurreskola<\/span>\n\t\t<span class=\"ez-toc-section-end\"><\/span><\/h4>\n                    <div class=\"eltdf-st-separator clearfix\">\n                <div class=\"eltdf-separator\" ><\/div>\n            <\/div>\n        \t\t\t<\/div>[vc_empty_space height=&#8221;7px&#8221;][vc_column_text]<\/p>\n<p style=\"text-align: left;\">De Lunes a Viernes de 8:00h a 15:00h<\/p>\n<p style=\"text-align: left;\"><a title=\"Haureskolak Samaniego\" href=\"http:\/\/www.haurreskolak.net\/\" target=\"_blank\" rel=\"noopener\">Haurreskolak &#8211; Ongi etorri Haurreskolak web gunera<\/a><\/p>\n<p>[\/vc_column_text][vc_empty_space height=&#8221;7px&#8221;][vc_separator][\/vc_column_inner][\/vc_row_inner][vc_row_inner css=&#8221;.vc_custom_1622735110637{padding-bottom: 20px !important;}&#8221;][vc_column_inner width=&#8221;1\/4&#8243;][\/vc_column_inner][vc_column_inner width=&#8221;3\/4&#8243;][vc_empty_space height=&#8221;7px&#8221;]<div class=\"eltdf-section-title-holder\" style=\"text-align: left\">\n\t\t\t<h4 class=\"eltdf-st-title\" ><span class=\"ez-toc-section\" id=\"Ikastola\"><\/span>\n\t\t\t<span>Ikastola<\/span>\n\t\t<span class=\"ez-toc-section-end\"><\/span><\/h4>\n                    <div class=\"eltdf-st-separator clearfix\">\n                <div class=\"eltdf-separator\" ><\/div>\n            <\/div>\n        \t\t\t<\/div>[vc_empty_space height=&#8221;7px&#8221;][vc_column_text]<\/p>\n<p style=\"text-align: left;\">De Lunes a Viernes de 9:30 a 13:30 y de 15:00h a 17:00h<\/p>\n<p style=\"text-align: left;\"><a title=\"Ikastola Samaniego\" href=\"http:\/\/www.assaikastola.blogspot.com\/\" target=\"_blank\" rel=\"noopener\">Ir a la web<\/a><\/p>\n<p>[\/vc_column_text][vc_empty_space height=&#8221;7px&#8221;][vc_separator][\/vc_column_inner][\/vc_row_inner][vc_row_inner css=&#8221;.vc_custom_1622735110637{padding-bottom: 20px !important;}&#8221;][vc_column_inner width=&#8221;1\/4&#8243;][\/vc_column_inner][vc_column_inner width=&#8221;3\/4&#8243;][vc_empty_space height=&#8221;7px&#8221;]<div class=\"eltdf-section-title-holder\" style=\"text-align: left\">\n\t\t\t<h4 class=\"eltdf-st-title\" ><span class=\"ez-toc-section\" id=\"Consultorio_medico\"><\/span>\n\t\t\t<span>Consultorio m\u00e9dico<\/span>\n\t\t<span class=\"ez-toc-section-end\"><\/span><\/h4>\n                    <div class=\"eltdf-st-separator clearfix\">\n                <div class=\"eltdf-separator\" ><\/div>\n            <\/div>\n        \t\t\t<\/div>[vc_empty_space height=&#8221;7px&#8221;][vc_column_text]<\/p>\n<p style=\"text-align: left;\">Medico: Martes y Jueves de 9:00h a 10:30h<\/p>\n<p>[\/vc_column_text][vc_empty_space height=&#8221;7px&#8221;][vc_separator][\/vc_column_inner][\/vc_row_inner][vc_row_inner css=&#8221;.vc_custom_1622735110637{padding-bottom: 20px !important;}&#8221;][vc_column_inner width=&#8221;1\/4&#8243;][\/vc_column_inner][vc_column_inner width=&#8221;3\/4&#8243;][vc_empty_space height=&#8221;7px&#8221;]<div class=\"eltdf-section-title-holder\" style=\"text-align: left\">\n\t\t\t<h4 class=\"eltdf-st-title\" ><span class=\"ez-toc-section\" id=\"Enfermera\"><\/span>\n\t\t\t<span>Enfermera<\/span>\n\t\t<span class=\"ez-toc-section-end\"><\/span><\/h4>\n                    <div class=\"eltdf-st-separator clearfix\">\n                <div class=\"eltdf-separator\" ><\/div>\n            <\/div>\n        \t\t\t<\/div>[vc_empty_space height=&#8221;7px&#8221;][vc_column_text]<\/p>\n<p style=\"text-align: left;\">Lunes a las 13:00h, Martes a las 11:00h ,Miercoles , Jueves y Viernes a las 9:00h<\/p>\n<p>[\/vc_column_text][vc_empty_space height=&#8221;7px&#8221;][vc_separator][\/vc_column_inner][\/vc_row_inner][vc_row_inner css=&#8221;.vc_custom_1622735110637{padding-bottom: 20px !important;}&#8221;][vc_column_inner width=&#8221;1\/4&#8243;][\/vc_column_inner][vc_column_inner width=&#8221;3\/4&#8243;][vc_empty_space height=&#8221;7px&#8221;]<div class=\"eltdf-section-title-holder\" style=\"text-align: left\">\n\t\t\t<h4 class=\"eltdf-st-title\" ><span class=\"ez-toc-section\" id=\"Residencia_geriatrica\"><\/span>\n\t\t\t<span>Residencia geri\u00e1trica<\/span>\n\t\t<span class=\"ez-toc-section-end\"><\/span><\/h4>\n                    <div class=\"eltdf-st-separator clearfix\">\n                <div class=\"eltdf-separator\" ><\/div>\n            <\/div>\n        \t\t\t<\/div>[vc_empty_space height=&#8221;7px&#8221;][vc_column_text]<\/p>\n<p style=\"text-align: left;\"><a title=\"Residencia Samaniego\" href=\"http:\/\/www.alava.net\/cs\/Satellite?c=IFBS_Centro_FA&amp;cid=500002154125&amp;pageid=500002131297&amp;pagename=IFBS%2FIFBS_Centro_FA%2FIFBS_centro\" target=\"_blank\" rel=\"noopener\">Instituto Foral de Bienestar Social &#8211; Residencia Samaniego<\/a><\/p>\n<p>[\/vc_column_text][vc_empty_space height=&#8221;7px&#8221;][\/vc_column_inner][\/vc_row_inner]\t<\/div>\n<\/div><span class=\"eltdf-title-holder\">\n    <span class=\"eltdf-accordion-mark\">\n\t\t<span class=\"eltdf_icon_plus ion-ios-plus-empty\"><\/span>\n\t\t<span class=\"eltdf_icon_minus ion-ios-minus-empty\"><\/span>\n\t<\/span>\n\t<h5 class=\"eltdf-tab-title\"><span class=\"ez-toc-section\" id=\"ENLACES\"><\/span>ENLACES<span class=\"ez-toc-section-end\"><\/span><\/h5>\n<\/span>\n<div class=\"eltdf-accordion-content\">\n\t<div class=\"eltdf-accordion-content-inner\">\n\t\t[vc_empty_space height=&#8221;7px&#8221;][vc_row_inner][vc_column_inner width=&#8221;1\/3&#8243;][\/vc_column_inner][vc_column_inner width=&#8221;1\/3&#8243;][vc_column_text]<\/p>\n<div id=\"Content\">\n<div class=\"boxed\">\n<div id=\"lipsum\">\n<ul>\n<li style=\"text-align: left;\"><a href=\"http:\/\/www.rutadelvinoderiojaalavesa.com\/es\/\">Ruta del vino de Rioja Alavesa<\/a><\/li>\n<li style=\"text-align: left;\"><a href=\"http:\/\/www.uragentzia.euskadi.net\/u81-0002\/es\">Consorcio de Aguas de Rioja Alavesa<\/a><\/li>\n<li style=\"text-align: left;\"><a href=\"http:\/\/arabakoerrioxa.eus\/es\/\">Cuadrilla de La Guardia<\/a><\/li>\n<\/ul>\n<\/div>\n<\/div>\n<\/div>\n<p>[\/vc_column_text][\/vc_column_inner][vc_column_inner width=&#8221;1\/3&#8243;][\/vc_column_inner][\/vc_row_inner]\t<\/div>\n<\/div><\/div>[\/vc_column][\/vc_row]<\/p>\n","protected":false},"excerpt":{"rendered":"<p>[vc_row row_content_width=&#8221;grid&#8221; css=&#8221;.vc_custom_1622562475202{padding-top: 80px !important;padding-bottom: 15px !important;}&#8221;][vc_column][\/vc_column][\/vc_row][vc_row row_content_width=&#8221;grid&#8221; content_text_aligment=&#8221;center&#8221; css=&#8221;.vc_custom_1622735434272{padding-top: 20px !important;padding-bottom: 120px !important;}&#8221;][vc_column][\/vc_column][\/vc_row]<\/p>\n","protected":false},"author":2,"featured_media":0,"parent":0,"menu_order":0,"comment_status":"closed","ping_status":"closed","template":"full-width.php","meta":{"footnotes":""},"class_list":["post-11134","page","type-page","status-publish","hentry"],"_links":{"self":[{"href":"https:\/\/ayuntamientosamaniego.com\/eu\/wp-json\/wp\/v2\/pages\/11134","targetHints":{"allow":["GET"]}}],"collection":[{"href":"https:\/\/ayuntamientosamaniego.com\/eu\/wp-json\/wp\/v2\/pages"}],"about":[{"href":"https:\/\/ayuntamientosamaniego.com\/eu\/wp-json\/wp\/v2\/types\/page"}],"author":[{"embeddable":true,"href":"https:\/\/ayuntamientosamaniego.com\/eu\/wp-json\/wp\/v2\/users\/2"}],"replies":[{"embeddable":true,"href":"https:\/\/ayuntamientosamaniego.com\/eu\/wp-json\/wp\/v2\/comments?post=11134"}],"version-history":[{"count":48,"href":"https:\/\/ayuntamientosamaniego.com\/eu\/wp-json\/wp\/v2\/pages\/11134\/revisions"}],"predecessor-version":[{"id":11184,"href":"https:\/\/ayuntamientosamaniego.com\/eu\/wp-json\/wp\/v2\/pages\/11134\/revisions\/11184"}],"wp:attachment":[{"href":"https:\/\/ayuntamientosamaniego.com\/eu\/wp-json\/wp\/v2\/media?parent=11134"}],"curies":[{"name":"wp","href":"https:\/\/api.w.org\/{rel}","templated":true}]}}