{"id":13334,"date":"2022-06-20T09:16:42","date_gmt":"2022-06-20T09:16:42","guid":{"rendered":"https:\/\/samaniego.vitemarketing.com\/?page_id=13334"},"modified":"2022-06-20T09:17:42","modified_gmt":"2022-06-20T09:17:42","slug":"politica-de-cookies","status":"publish","type":"page","link":"https:\/\/ayuntamientosamaniego.com\/eu\/politica-de-cookies\/","title":{"rendered":"Pol\u00edtica de cookies"},"content":{"rendered":"<h3 class=\"western\"><span class=\"ez-toc-section\" id=\"POLITICA_DE_COOKIES\"><\/span><span style=\"color: #800000;\"><strong><span style=\"font-family: Oswald, serif;\"><span style=\"font-size: large;\">POL\u00cdTICA DE COOKIES<\/span><\/span><\/strong><\/span><span class=\"ez-toc-section-end\"><\/span><\/h3>\n<p align=\"left\"><span style=\"color: #800000;\"><strong><span style=\"font-size: medium;\">Por medio de nuestra pol\u00edtica de cookies le ponemos al tanto de las debidas condiciones de uso en este sitio.<\/span><\/strong><\/span><\/p>\n<h3 class=\"western\"><span class=\"ez-toc-section\" id=\"%C2%BFQue_es_una_Cookie\"><\/span><a name=\"_d88kir150l86\"><\/a> <span style=\"color: #2a303f;\"><span style=\"font-family: Oswald, serif;\"><span style=\"font-size: large;\">\u00bfQu\u00e9 es una Cookie?<\/span><\/span><\/span><span class=\"ez-toc-section-end\"><\/span><\/h3>\n<p align=\"left\"><span style=\"color: #555555;\"><span style=\"font-size: medium;\">Una cookie es un peque\u00f1o archivo de texto que se descarga en el navegador de tu ordenador, tel\u00e9fono m\u00f3vil, tablet o cualquier otro dispositivo de acceso a internet cuando visitas una web. Las cookies sirven para reconocer el dispositivo cuando vuelves a visitar el site, facilit\u00e1ndote su uso al recordar tus preferencias y configuraci\u00f3n de navegaci\u00f3n (p.ej. idioma, pa\u00eds, datos de acceso, etc.). Tambi\u00e9n permiten recopilar informaci\u00f3n estad\u00edstica an\u00f3nima sobre la navegaci\u00f3n de los usuarios por el site.<\/span><\/span><\/p>\n<h3 class=\"western\"><span class=\"ez-toc-section\" id=\"%C2%BFQue_tipos_de_cookies_utiliza_esta_web\"><\/span><a name=\"_66s1x1puwc95\"><\/a> <span style=\"color: #2a303f;\"><span style=\"font-family: Oswald, serif;\"><span style=\"font-size: large;\">\u00bfQu\u00e9 tipos de cookies utiliza esta web?<\/span><\/span><\/span><span class=\"ez-toc-section-end\"><\/span><\/h3>\n<p align=\"left\"><span style=\"color: #555555;\"><span style=\"font-size: medium;\">Esta web adem\u00e1s de las cookies estrictamente necesarias utiliza otras que que bien tratadas por nosotros o por terceros, nos permiten mejorar los servicios que proporcionamos. Para ello se analiza su navegaci\u00f3n en nuestra p\u00e1gina web con el fin de mejorar la oferta de productos o servicios que le ofrecemos. Esta web incorpora Google Analytics, que tambi\u00e9n crean sus propias cookies. A continuaci\u00f3n, se enumeran las cookies utilizadas en esta web.<\/span><\/span><\/p>\n<h3 class=\"western\"><span class=\"ez-toc-section\" id=\"Cookies_estrictamente_necesarias\"><\/span><a name=\"_y0pui5p8a7oi\"><\/a> <span style=\"color: #2a303f;\"><span style=\"font-family: Oswald, serif;\"><span style=\"font-size: large;\">Cookies estrictamente necesarias<\/span><\/span><\/span><span class=\"ez-toc-section-end\"><\/span><\/h3>\n<p align=\"left\"><span style=\"color: #555555;\"><span style=\"font-size: medium;\">Una cookie es un peque\u00f1o archivo de texto que se descarga en el navegador de tu ordenador, tel\u00e9fono m\u00f3vil, tablet o cualquier otro dispositivo de acceso a internet cuando visitas una web. Las cookies sirven para reconocer el dispositivo cuando vuelves a visitar el site, facilit\u00e1ndote su uso al recordar tus preferencias y configuraci\u00f3n de navegaci\u00f3n (p.ej. idioma, pa\u00eds, datos de acceso, etc.). Tambi\u00e9n permiten recopilar informaci\u00f3n estad\u00edstica an\u00f3nima sobre la navegaci\u00f3n de los usuarios por el site.<\/span><\/span><\/p>\n<h3 class=\"western\"><span class=\"ez-toc-section\" id=\"Cookies_Proporcionadas_por_Terceros\"><\/span><a name=\"_y9at88egvu7m\"><\/a> <span style=\"color: #2a303f;\"><span style=\"font-family: Oswald, serif;\"><span style=\"font-size: large;\">Cookies Proporcionadas por Terceros<\/span><\/span><\/span><span class=\"ez-toc-section-end\"><\/span><\/h3>\n<table width=\"602\" cellspacing=\"0\" cellpadding=\"7\">\n<tbody>\n<tr>\n<td width=\"51\" height=\"167\">\n<p align=\"left\"><span style=\"color: #555555;\"><span style=\"font-size: medium;\">_ga<\/span><\/span><\/p>\n<p align=\"left\"><span style=\"color: #555555;\"><span style=\"font-size: medium;\">_gat<\/span><\/span><\/p>\n<\/td>\n<td width=\"521\">\n<p align=\"left\"><span style=\"color: #555555;\"><span style=\"font-size: medium;\">(Google Analytics) Estas cookies se utilizan para recopilar informaci\u00f3n anal\u00edtica acerca de c\u00f3mo los visitantes usan la web. Toda la informaci\u00f3n se recoge de forma an\u00f3nima e incluye estad\u00edsticas, como el uso del navegador, p\u00e1ginas visitadas, tiempo que permanece en la p\u00e1gina, etc.<\/span><\/span><\/p>\n<p align=\"left\"><span style=\"color: #555555;\"><span style=\"font-size: medium;\">Informaci\u00f3n Google la privacidad: <\/span><\/span><a href=\"http:\/\/www.google.com\/intl\/en\/policies\/privacy\/\"><span style=\"color: #661840;\"><span style=\"font-size: medium;\">www.google.com\/intl\/en\/policies\/privacy\/<\/span><\/span><\/a><\/p>\n<p align=\"left\"><span style=\"color: #555555;\"><span style=\"font-size: medium;\">Usted puede optar por salir de seguimiento de Google Analytics mediante la instalaci\u00f3n de un plug -in de navegador de <\/span><\/span><a href=\"http:\/\/tools.google.com\/dlpage\/gaoptout?hl=en\"><span style=\"color: #661840;\"><span style=\"font-size: medium;\">http:\/\/tools.google.com\/dlpage\/gaoptout?hl=en<\/span><\/span><\/a><\/p>\n<\/td>\n<\/tr>\n<\/tbody>\n<\/table>\n<p align=\"justify\"><span style=\"color: #555555;\"><span style=\"font-size: medium;\">Se aplica lo dispuesto en el art\u00edculo 22.2 de la Ley 34\/2002, de 11 de julio, de Servicios de la Sociedad de la Informaci\u00f3n y de Comercio Electr\u00f3nico. Si desea m\u00e1s informaci\u00f3n sobre el uso de las cookies click en el siguiente enlace. <\/span><\/span><a href=\"https:\/\/www.aepd.es\/sites\/default\/files\/2019-12\/guia-cookies_1.pdf\"><span style=\"color: #661840;\"><span style=\"font-size: medium;\">Gu\u00eda sobre el uso de las Cookies (PDF)<\/span><\/span><\/a><\/p>\n<p align=\"justify\"><span style=\"color: #661840;\">\u2014<span style=\"font-size: medium;\">&#8212;&#8212;<\/span><\/span><\/p>\n<p align=\"justify\"><span style=\"color: #555555;\"><span style=\"font-size: medium;\">A las personas usuarias del Portal de Internet del Ayuntamiento de Samaniego, les informamos:<\/span><\/span><\/p>\n<ul>\n<li>\n<p align=\"left\"><span style=\"color: #555555;\"><span style=\"font-size: medium;\">El dominio <\/span><\/span><a href=\"https:\/\/ayuntamientosamaniego.com\/\"><span style=\"color: #555555;\"><span style=\"font-size: medium;\">Ayuntamientosamaniego.com<\/span><\/span><\/a><span style=\"color: #555555;\"><span style=\"font-size: medium;\"> es titularidad del Ayuntamiento de Samaniego, y se trata de un sitio web puesto a disposici\u00f3n de todo\/a usuario\/a con el objetivo de suministrar informaci\u00f3n general sobre el ayuntamiento Samaniego as\u00ed como de los diferentes servicios y gestiones propias de la organizaci\u00f3n municipal.<\/span><\/span><\/p>\n<\/li>\n<li>\n<p align=\"left\"><span style=\"color: #555555;\"><span style=\"font-size: medium;\">El Ayuntamiento de Samaniego , con CIF P0105800G, es una Administraci\u00f3n local domiciliada a los efectos de la presente informaci\u00f3n en C Constituci\u00edn, s\/n 01307 Samaniego (Espa\u00f1a).<br \/>\nOtros datos de contacto que ponemos a su disposici\u00f3n:<br \/>\nTel\u00e9fono: +34 945 609 104<br \/>\nCorreo electr\u00f3nico: <\/span><\/span><span style=\"color: #222222;\">asamaniego@ayto.araba.eus<\/span><\/p>\n<\/li>\n<\/ul>\n<p align=\"justify\"><span style=\"color: #555555;\"><span style=\"font-size: medium;\">Todos los signos distintivos, marcas, nombres comerciales, contenidos (textos, gr\u00e1ficos, im\u00e1genes, fotograf\u00edas, software, links y dem\u00e1s contenidos audiovisuales o sonoros y c\u00f3digos fuente\u2026), estructura, dise\u00f1o y forma de presentaci\u00f3n de los elementos y cualquier otra informaci\u00f3n que aparezca en este sitio Web son propiedad del Ayuntamiento de SAMANIEGO y est\u00e1n protegidos por los derechos de propiedad industrial e intelectual.<\/span><\/span><\/p>\n<p align=\"justify\"><span style=\"color: #555555;\"><span style=\"font-size: medium;\">El\/la usuario\/a tiene prohibido albergar, almacenar, comunicar p\u00fablicamente, publicar, distribuir o compartir y, en general cualquier otra forma de explotaci\u00f3n de los elementos referidos en el apartado anterior sin autorizaci\u00f3n expresa del Ayuntamiento de SAMANIEGO. Se autoriza la impresi\u00f3n y descarga de extractos de los contenidos de este sitio web \u00fanicamente cuando se realicen para uso personal y privado.<\/span><\/span><\/p>\n<p align=\"justify\"><span style=\"color: #555555;\"><span style=\"font-size: medium;\">En este sitio Web oficial el\/la usuario\/a podr\u00e1 encontrar diversos enlaces que le conducir\u00e1n a p\u00e1ginas Web independientes de \u00e9sta con la finalidad de facilitar el acceso a otras fuentes de informaci\u00f3n en Internet relacionadas con nuestra organizaci\u00f3n municipal y con respeto de los derechos de propiedad intelectual que, en su caso, puedan corresponder a sus autores. No obstante, el Ayuntamiento de SAMANIEGO no asume ninguna responsabilidad derivada de las conexiones o los contenidos de esos enlaces. Asimismo, el establecimiento de enlaces al sitio Web del Ayuntamiento de SAMANIEGO, previa solicitud y autorizaci\u00f3n de \u00e9ste, deber\u00e1 respetar los derechos de propiedad intelectual de titularidad municipal.<\/span><\/span><\/p>\n<p align=\"justify\"><span style=\"color: #555555;\"><span style=\"font-size: medium;\">El\/la usuario\/a se abstendr\u00e1 de emplear medios que puedan suprimir, alterar, eludir o manipular cualesquiera dispositivos de protecci\u00f3n o sistemas de seguridad que puedan estar instalados y que comporten un riesgo o da\u00f1o o inutilizaci\u00f3n del sitio Web y\/o sus contenidos.<\/span><\/span><\/p>\n<p align=\"justify\"><span style=\"color: #555555;\"><span style=\"font-size: medium;\">El Ayuntamiento de SAMANIEGO no se responsabiliza del posible uso inapropiado que terceros realicen de esta p\u00e1gina Web, ni del contenido y actualizaci\u00f3n de la informaci\u00f3n que proviene de otras personas f\u00edsicas o jur\u00eddicas y que conste en el sitio Web o a la que se remita a partir de enlaces u otros sistemas. Los contenidos proporcionados a trav\u00e9s de esta p\u00e1gina web tienen car\u00e1cter meramente informativo, por lo que el uso que de estos pueda hacer el usuario y las eventuales consecuencias, da\u00f1os o perjuicios que pudiesen derivarse, son de la exclusiva responsabilidad del usuario\/a. El Ayuntamiento de SAMANIEGO no asume responsabilidad alguna por da\u00f1os y perjuicios de toda naturaleza que pudieran ocasionarse por el uso de enlaces (links), directorios y herramientas de b\u00fasqueda, que permiten a los\/as usuarios\/as acceder a sitios Web pertenecientes y\/o gestionados por terceros as\u00ed como de la presencia de virus u otros c\u00f3digos maliciosos en los contenidos que puedan producir cualquier tipo de da\u00f1os en el sistema inform\u00e1tico, documentos electr\u00f3nicos o ficheros de los\/as usuarios\/as.<\/span><\/span><\/p>\n<p align=\"justify\"><span style=\"color: #555555;\"><span style=\"font-size: medium;\">El Ayuntamiento de SAMANIEGO se reserva el derecho de ejercitar las acciones legales que considere oportunas derivadas de cualesquiera usos il\u00edcitos por parte de terceros de los contenidos de su p\u00e1gina web.<\/span><\/span><\/p>\n<p align=\"justify\">\n","protected":false},"excerpt":{"rendered":"<p>POL\u00cdTICA DE COOKIES Por medio de nuestra pol\u00edtica de cookies le ponemos al tanto de las debidas condiciones de uso en este sitio. \u00bfQu\u00e9 es una Cookie? Una cookie es un peque\u00f1o archivo de texto que se descarga en el navegador de tu ordenador, tel\u00e9fono [&hellip;]<\/p>\n","protected":false},"author":1,"featured_media":0,"parent":0,"menu_order":0,"comment_status":"closed","ping_status":"closed","template":"","meta":{"footnotes":""},"class_list":["post-13334","page","type-page","status-publish","hentry"],"_links":{"self":[{"href":"https:\/\/ayuntamientosamaniego.com\/eu\/wp-json\/wp\/v2\/pages\/13334","targetHints":{"allow":["GET"]}}],"collection":[{"href":"https:\/\/ayuntamientosamaniego.com\/eu\/wp-json\/wp\/v2\/pages"}],"about":[{"href":"https:\/\/ayuntamientosamaniego.com\/eu\/wp-json\/wp\/v2\/types\/page"}],"author":[{"embeddable":true,"href":"https:\/\/ayuntamientosamaniego.com\/eu\/wp-json\/wp\/v2\/users\/1"}],"replies":[{"embeddable":true,"href":"https:\/\/ayuntamientosamaniego.com\/eu\/wp-json\/wp\/v2\/comments?post=13334"}],"version-history":[{"count":2,"href":"https:\/\/ayuntamientosamaniego.com\/eu\/wp-json\/wp\/v2\/pages\/13334\/revisions"}],"predecessor-version":[{"id":13336,"href":"https:\/\/ayuntamientosamaniego.com\/eu\/wp-json\/wp\/v2\/pages\/13334\/revisions\/13336"}],"wp:attachment":[{"href":"https:\/\/ayuntamientosamaniego.com\/eu\/wp-json\/wp\/v2\/media?parent=13334"}],"curies":[{"name":"wp","href":"https:\/\/api.w.org\/{rel}","templated":true}]}}